{"id":709,"date":"2025-03-10T21:17:02","date_gmt":"2025-03-10T21:17:02","guid":{"rendered":"https:\/\/colourdeluxe.com\/?page_id=709"},"modified":"2026-03-02T15:42:21","modified_gmt":"2026-03-02T15:42:21","slug":"lord-prosser-paintings","status":"publish","type":"page","link":"https:\/\/colourdeluxe.com\/?page_id=709","title":{"rendered":"Lord Prosser paintings"},"content":{"rendered":"\n<p>Tableaux acryliques sur toile 100x100cm avec caisse am\u00e9ricaine disponible. Si vous \u00eates interess\u00e9s contact:<\/p>\n\n\n\n<p>lordprosser@duck.com<\/p>\n\n\n\n<figure class=\"wp-block-image size-large\"><img loading=\"lazy\" decoding=\"async\" width=\"800\" height=\"788\" src=\"https:\/\/colourdeluxe.com\/wp-content\/uploads\/2025\/11\/IMG_2550-800x788.jpeg\" alt=\"\" class=\"wp-image-1150\" srcset=\"https:\/\/colourdeluxe.com\/wp-content\/uploads\/2025\/11\/IMG_2550-800x788.jpeg 800w, https:\/\/colourdeluxe.com\/wp-content\/uploads\/2025\/11\/IMG_2550-200x197.jpeg 200w, https:\/\/colourdeluxe.com\/wp-content\/uploads\/2025\/11\/IMG_2550-100x100.jpeg 100w, https:\/\/colourdeluxe.com\/wp-content\/uploads\/2025\/11\/IMG_2550-768x756.jpeg 768w, https:\/\/colourdeluxe.com\/wp-content\/uploads\/2025\/11\/IMG_2550-1536x1513.jpeg 1536w, https:\/\/colourdeluxe.com\/wp-content\/uploads\/2025\/11\/IMG_2550-2048x2017.jpeg 2048w\" sizes=\"auto, (max-width: 800px) 100vw, 800px\" \/><\/figure>\n\n\n\n<figure class=\"wp-block-image size-large\"><img loading=\"lazy\" decoding=\"async\" width=\"800\" height=\"752\" src=\"https:\/\/colourdeluxe.com\/wp-content\/uploads\/2025\/10\/IMG_1925-800x752.jpeg\" alt=\"\" class=\"wp-image-1068\" srcset=\"https:\/\/colourdeluxe.com\/wp-content\/uploads\/2025\/10\/IMG_1925-800x752.jpeg 800w, https:\/\/colourdeluxe.com\/wp-content\/uploads\/2025\/10\/IMG_1925-200x188.jpeg 200w, https:\/\/colourdeluxe.com\/wp-content\/uploads\/2025\/10\/IMG_1925-768x722.jpeg 768w, https:\/\/colourdeluxe.com\/wp-content\/uploads\/2025\/10\/IMG_1925-1536x1444.jpeg 1536w, https:\/\/colourdeluxe.com\/wp-content\/uploads\/2025\/10\/IMG_1925-2048x1926.jpeg 2048w\" sizes=\"auto, (max-width: 800px) 100vw, 800px\" \/><\/figure>\n\n\n\n<figure class=\"wp-block-image size-large\"><img loading=\"lazy\" decoding=\"async\" width=\"795\" height=\"800\" src=\"https:\/\/colourdeluxe.com\/wp-content\/uploads\/2025\/07\/IMG_4110-795x800.jpeg\" alt=\"\" class=\"wp-image-952\" srcset=\"https:\/\/colourdeluxe.com\/wp-content\/uploads\/2025\/07\/IMG_4110-795x800.jpeg 795w, https:\/\/colourdeluxe.com\/wp-content\/uploads\/2025\/07\/IMG_4110-200x200.jpeg 200w, https:\/\/colourdeluxe.com\/wp-content\/uploads\/2025\/07\/IMG_4110-100x100.jpeg 100w, https:\/\/colourdeluxe.com\/wp-content\/uploads\/2025\/07\/IMG_4110-768x773.jpeg 768w, https:\/\/colourdeluxe.com\/wp-content\/uploads\/2025\/07\/IMG_4110-1527x1536.jpeg 1527w, https:\/\/colourdeluxe.com\/wp-content\/uploads\/2025\/07\/IMG_4110-2036x2048.jpeg 2036w\" sizes=\"auto, (max-width: 795px) 100vw, 795px\" \/><\/figure>\n\n\n\n<p>Je passe&nbsp;&nbsp;plusieurs mois d\u2019affil\u00e9s \u00e0 peindre pour essayer des id\u00e9es et pour utiliser les couleurs que je vois dans les endroits ou situations de tous les jours. Mes compositions sont souvent urbaines avec des couleurs vari\u00e9es. Je peins avec de la peinture acrylique sur toile, souvent assez rapidement, sauf quand il s\u2019agit de coups de pinceaux qui m\u00e9ritent beaucoup d\u2019attention.&nbsp;<\/p>\n\n\n\n<p>Je d\u00e9sire que mes tableaux effacent l\u2019ennui de la vie. Je fais un relooking et parfois je cherche les regards sensuels qui peuvent injecter un peu de myst\u00e8re. J\u2019aime la nature et surtout les pigeons. je les trouve tr\u00e8s repr\u00e9sentatifs du besoin de lutter pour survivre en milieu urbain.<\/p>\n\n\n\n<p>Si la vie me fait un clin d\u2019\u0153il, je souhaite surtout continuer \u00e0 peindre et exposer.<\/p>\n\n\n\n<p>Dans ma jeunesse londonienne,&nbsp; j\u2019ai fait pas mal de petits boulots et pendant quelques mois j\u2019ai travaill\u00e9 dans le milieu de l\u2019art. J\u2019ai port\u00e9 de mes propres mains, un Jeff Koons, un Julian Schnabel, un Andy Warhol et cela a eu un effet sur moi. Je suis tr\u00e8s influenc\u00e9 par Paul Gauguin et aussi par l\u2019\u00ab Action Painting \u00bb. Pour moi, on devrait pouvoir acheter une \u0153uvre d\u2019art pour qu\u2019elle partage notre vie de tous les jours . On peint pour&nbsp;&nbsp;s\u2019exprimer, et si le tableau reste&nbsp; dans un grenier, c\u2019est vraiment dommage. Je peins pour ajouter des couleurs dans ma vie, elles me permettent d\u2019affronter la vie. On me demande souvent combien de temps cela m\u2019a pris pour faire un tableau. Je r\u00e9ponds :&nbsp; 58 ans, chaque peinture repr\u00e9sente mon attitude positive et parfois fun face \u00e0 la vie.<\/p>\n\n\n\n<p>L\u2019art c\u2019est tr\u00e8s binaire &#8211; soit on aime ou on n\u2019aime pas, par contre je ne peins pas pour plaire mais pour m\u2019exprimer. Mon art ne pla\u00eet pas \u00e0 tout le monde.&nbsp;<\/p>\n\n\n\n<p>J\u2019ai regard\u00e9 beaucoup de tableaux dans ma vie, j\u2019ai visit\u00e9 \u00e9normement de galeries et j\u2019ai travaill\u00e9 dans un entrep\u00f4t \u00e0 Londres ou&nbsp; se trouvaient des milliers de tableaux. J\u2019ai port\u00e9 un Warhol, j\u2019ai grimp\u00e9 sur les briques de Carl Andr\u00e9 et j\u2019ai port\u00e9 le lapin en ballon pour enfant de Jeff Koons. J\u2019ai absorb\u00e9 de&nbsp; l\u2019\u00e9nergie. Une image en 2D vue des milliers de fois dans une photo ne montre pas toute l\u2019histoire, il faut le tenir ou il faut le cr\u00e9er pour comprendre qu\u2019un objet artistique am\u00e8ne une histoire. Je sacrifie la perfection pour me consacrer \u00e0 la cr\u00e9ation souvent tr\u00e8s brusque et brute.<\/p>\n\n\n\n<figure class=\"wp-block-image size-large\"><img decoding=\"async\" src=\"https:\/\/colourdeluxe.com\/wp-content\/uploads\/2025\/11\/IMG_2555-605x800.jpeg\" alt=\"\" class=\"wp-image-1114\"\/><\/figure>\n\n\n\n<p>lordprosser@duck.com<\/p>\n\n\n\n<p>www.colourdeluxe.com<\/p>\n\n\n\n<p>contact me  lordprosser@duck.com<\/p>\n","protected":false},"excerpt":{"rendered":"<p>Tableaux acryliques sur toile 100x100cm avec caisse am\u00e9ricaine disponible. Si vous \u00eates interess\u00e9s contact: lordprosser@duck.com Je passe&nbsp;&nbsp;plusieurs mois d\u2019affil\u00e9s \u00e0 peindre pour essayer des id\u00e9es et pour utiliser les couleurs que je vois dans les endroits ou situations de tous les jours. Mes compositions sont souvent urbaines avec des couleurs vari\u00e9es. Je peins avec de [&hellip;]<\/p>\n","protected":false},"author":1,"featured_media":0,"parent":0,"menu_order":0,"comment_status":"closed","ping_status":"closed","template":"","meta":{"footnotes":""},"class_list":["post-709","page","type-page","status-publish","hentry"],"_links":{"self":[{"href":"https:\/\/colourdeluxe.com\/index.php?rest_route=\/wp\/v2\/pages\/709","targetHints":{"allow":["GET"]}}],"collection":[{"href":"https:\/\/colourdeluxe.com\/index.php?rest_route=\/wp\/v2\/pages"}],"about":[{"href":"https:\/\/colourdeluxe.com\/index.php?rest_route=\/wp\/v2\/types\/page"}],"author":[{"embeddable":true,"href":"https:\/\/colourdeluxe.com\/index.php?rest_route=\/wp\/v2\/users\/1"}],"replies":[{"embeddable":true,"href":"https:\/\/colourdeluxe.com\/index.php?rest_route=%2Fwp%2Fv2%2Fcomments&post=709"}],"version-history":[{"count":35,"href":"https:\/\/colourdeluxe.com\/index.php?rest_route=\/wp\/v2\/pages\/709\/revisions"}],"predecessor-version":[{"id":1258,"href":"https:\/\/colourdeluxe.com\/index.php?rest_route=\/wp\/v2\/pages\/709\/revisions\/1258"}],"wp:attachment":[{"href":"https:\/\/colourdeluxe.com\/index.php?rest_route=%2Fwp%2Fv2%2Fmedia&parent=709"}],"curies":[{"name":"wp","href":"https:\/\/api.w.org\/{rel}","templated":true}]}}